{"id":49290,"date":"2024-07-29T18:00:58","date_gmt":"2024-07-29T16:00:58","guid":{"rendered":"https:\/\/dev.gazindustrie.fr\/product\/btwin-bth\/"},"modified":"2024-10-15T12:15:36","modified_gmt":"2024-10-15T10:15:36","slug":"btwin-bth","status":"publish","type":"product","link":"https:\/\/www.gazindustrie.fr\/en\/product\/btwin-bth\/","title":{"rendered":"BTwin BTH"},"content":{"rendered":"<p>Tube radiant pour b\u00e2timents industriels de moyenne et grande hauteur, avec ou sans isolation. Emetteur en \u00e9pingle, avec turbulateur dans la chambre de combustion, qui refl\u00e8te plus de calories vers l&#8217;ext\u00e9rieur du tube, am\u00e9liorant le rendement. Reproduction du principe naturel du rayonnement solaire.<br \/>\nConforme \u00e0 la r\u00e9glementation Ecoconception 2015\/1188 et la directive d&#8217;application 2009\/125\/CE.<\/p>\n<p>Mod\u00e8les:<br \/>\n\u2022 Puissances de 17 \u00e0 45 kW<br \/>\n\u2022 Longueur 3,8 \u00e0 10,7 m\u00e8tres<br \/>\n\u2022 R\u00e9flecteurs bi-cyclo\u00efdale multi-facettes<br \/>\n\u2022 Tube en \u00e9pingle pour une chaleur homog\u00e8ne<br \/>\n\u2022 Turbulateurs<br \/>\n\u2022 Syst\u00e8me d&#8217;\u00e9vacuation des fum\u00e9es mural ou toiture (Type A; Type B individuelle, Type C ventouse)<\/p>\n","protected":false},"excerpt":{"rendered":"<p>Tube radiant pour b\u00e2timents industriels de moyenne et grande hauteur, avec ou sans isolation. Emetteur en \u00e9pingle, avec turbulateur dans la chambre de combustion, qui refl\u00e8te plus de calories vers l&#8217;ext\u00e9rieur du tube, am\u00e9liorant le rendement. Reproduction du principe naturel du rayonnement solaire.<\/p>\n<p>Conforme \u00e0 la r\u00e9glementation Ecoconception 2015\/1188 et la directive d&#8217;application 2009\/125\/CE.<\/p>\n","protected":false},"featured_media":49543,"template":"","meta":[],"product_cat":[3324,3323,3325],"product_tag":[],"class_list":{"0":"post-49290","1":"product","2":"type-product","3":"status-publish","4":"has-post-thumbnail","6":"product_cat-chauffage-radiant-products","7":"product_cat-products","8":"product_cat-tubes-radiants-chauffage-radiant-products","10":"first","11":"instock","12":"taxable","13":"shipping-taxable","14":"product-type-grouped"},"acf":[],"yoast_head":"<!-- This site is optimized with the Yoast SEO plugin v23.5 - https:\/\/yoast.com\/wordpress\/plugins\/seo\/ -->\n<title>BTwin BTH - Gaz Industrie<\/title>\n<meta name=\"robots\" content=\"index, follow, max-snippet:-1, max-image-preview:large, max-video-preview:-1\" \/>\n<link rel=\"canonical\" href=\"https:\/\/www.gazindustrie.fr\/en\/product\/btwin-bth\/\" \/>\n<meta property=\"og:locale\" content=\"en_US\" \/>\n<meta property=\"og:type\" content=\"article\" \/>\n<meta property=\"og:title\" content=\"BTwin BTH - Gaz Industrie\" \/>\n<meta property=\"og:description\" content=\"Tube radiant pour b\u00e2timents industriels de moyenne et grande hauteur, avec ou sans isolation. Emetteur en \u00e9pingle, avec turbulateur dans la chambre de combustion, qui refl\u00e8te plus de calories vers l&#039;ext\u00e9rieur du tube, am\u00e9liorant le rendement. Reproduction du principe naturel du rayonnement solaire.  Conforme \u00e0 la r\u00e9glementation Ecoconception 2015\/1188 et la directive d&#039;application 2009\/125\/CE.\" \/>\n<meta property=\"og:url\" content=\"https:\/\/www.gazindustrie.fr\/en\/product\/btwin-bth\/\" \/>\n<meta property=\"og:site_name\" content=\"Gaz Industrie\" \/>\n<meta property=\"article:modified_time\" content=\"2024-10-15T10:15:36+00:00\" \/>\n<meta property=\"og:image\" content=\"https:\/\/www.gazindustrie.fr\/wp-content\/uploads\/2024\/07\/photo-BTH-1.jpg\" \/>\n\t<meta property=\"og:image:width\" content=\"1000\" \/>\n\t<meta property=\"og:image:height\" content=\"1000\" \/>\n\t<meta property=\"og:image:type\" content=\"image\/jpeg\" \/>\n<meta name=\"twitter:card\" content=\"summary_large_image\" \/>\n<meta name=\"twitter:label1\" content=\"Est. reading time\" \/>\n\t<meta name=\"twitter:data1\" content=\"1 minute\" \/>\n<script type=\"application\/ld+json\" class=\"yoast-schema-graph\">{\"@context\":\"https:\/\/schema.org\",\"@graph\":[{\"@type\":\"WebPage\",\"@id\":\"https:\/\/www.gazindustrie.fr\/en\/product\/btwin-bth\/\",\"url\":\"https:\/\/www.gazindustrie.fr\/en\/product\/btwin-bth\/\",\"name\":\"BTwin BTH - Gaz Industrie\",\"isPartOf\":{\"@id\":\"https:\/\/www.gazindustrie.fr\/en\/#website\"},\"primaryImageOfPage\":{\"@id\":\"https:\/\/www.gazindustrie.fr\/en\/product\/btwin-bth\/#primaryimage\"},\"image\":{\"@id\":\"https:\/\/www.gazindustrie.fr\/en\/product\/btwin-bth\/#primaryimage\"},\"thumbnailUrl\":\"https:\/\/www.gazindustrie.fr\/wp-content\/uploads\/2024\/07\/photo-BTH-1.jpg\",\"datePublished\":\"2024-07-29T16:00:58+00:00\",\"dateModified\":\"2024-10-15T10:15:36+00:00\",\"breadcrumb\":{\"@id\":\"https:\/\/www.gazindustrie.fr\/en\/product\/btwin-bth\/#breadcrumb\"},\"inLanguage\":\"en-US\",\"potentialAction\":[{\"@type\":\"ReadAction\",\"target\":[\"https:\/\/www.gazindustrie.fr\/en\/product\/btwin-bth\/\"]}]},{\"@type\":\"ImageObject\",\"inLanguage\":\"en-US\",\"@id\":\"https:\/\/www.gazindustrie.fr\/en\/product\/btwin-bth\/#primaryimage\",\"url\":\"https:\/\/www.gazindustrie.fr\/wp-content\/uploads\/2024\/07\/photo-BTH-1.jpg\",\"contentUrl\":\"https:\/\/www.gazindustrie.fr\/wp-content\/uploads\/2024\/07\/photo-BTH-1.jpg\",\"width\":1000,\"height\":1000},{\"@type\":\"BreadcrumbList\",\"@id\":\"https:\/\/www.gazindustrie.fr\/en\/product\/btwin-bth\/#breadcrumb\",\"itemListElement\":[{\"@type\":\"ListItem\",\"position\":1,\"name\":\"Home\",\"item\":\"https:\/\/www.gazindustrie.fr\/en\/\"},{\"@type\":\"ListItem\",\"position\":2,\"name\":\"Shop\",\"item\":\"https:\/\/www.gazindustrie.fr\/shop\/\"},{\"@type\":\"ListItem\",\"position\":3,\"name\":\"BTwin BTH\"}]},{\"@type\":\"WebSite\",\"@id\":\"https:\/\/www.gazindustrie.fr\/en\/#website\",\"url\":\"https:\/\/www.gazindustrie.fr\/en\/\",\"name\":\"Gaz Industrie\",\"description\":\"Une exp\u00e9rience sans \u00e9gale\",\"publisher\":{\"@id\":\"https:\/\/www.gazindustrie.fr\/en\/#organization\"},\"potentialAction\":[{\"@type\":\"SearchAction\",\"target\":{\"@type\":\"EntryPoint\",\"urlTemplate\":\"https:\/\/www.gazindustrie.fr\/en\/?s={search_term_string}\"},\"query-input\":{\"@type\":\"PropertyValueSpecification\",\"valueRequired\":true,\"valueName\":\"search_term_string\"}}],\"inLanguage\":\"en-US\"},{\"@type\":\"Organization\",\"@id\":\"https:\/\/www.gazindustrie.fr\/en\/#organization\",\"name\":\"Empress HVAC\",\"url\":\"https:\/\/www.gazindustrie.fr\/en\/\",\"logo\":{\"@type\":\"ImageObject\",\"inLanguage\":\"en-US\",\"@id\":\"https:\/\/www.gazindustrie.fr\/en\/#\/schema\/logo\/image\/\",\"url\":\"https:\/\/dev.nortekhvac.eu\/wp-content\/uploads\/2019\/12\/empress_logo_email.png\",\"contentUrl\":\"https:\/\/dev.nortekhvac.eu\/wp-content\/uploads\/2019\/12\/empress_logo_email.png\",\"width\":238,\"height\":109,\"caption\":\"Empress HVAC\"},\"image\":{\"@id\":\"https:\/\/www.gazindustrie.fr\/en\/#\/schema\/logo\/image\/\"}}]}<\/script>\n<!-- \/ Yoast SEO plugin. -->","yoast_head_json":{"title":"BTwin BTH - Gaz Industrie","robots":{"index":"index","follow":"follow","max-snippet":"max-snippet:-1","max-image-preview":"max-image-preview:large","max-video-preview":"max-video-preview:-1"},"canonical":"https:\/\/www.gazindustrie.fr\/en\/product\/btwin-bth\/","og_locale":"en_US","og_type":"article","og_title":"BTwin BTH - Gaz Industrie","og_description":"Tube radiant pour b\u00e2timents industriels de moyenne et grande hauteur, avec ou sans isolation. Emetteur en \u00e9pingle, avec turbulateur dans la chambre de combustion, qui refl\u00e8te plus de calories vers l'ext\u00e9rieur du tube, am\u00e9liorant le rendement. Reproduction du principe naturel du rayonnement solaire.  Conforme \u00e0 la r\u00e9glementation Ecoconception 2015\/1188 et la directive d'application 2009\/125\/CE.","og_url":"https:\/\/www.gazindustrie.fr\/en\/product\/btwin-bth\/","og_site_name":"Gaz Industrie","article_modified_time":"2024-10-15T10:15:36+00:00","og_image":[{"width":1000,"height":1000,"url":"https:\/\/www.gazindustrie.fr\/wp-content\/uploads\/2024\/07\/photo-BTH-1.jpg","type":"image\/jpeg"}],"twitter_card":"summary_large_image","twitter_misc":{"Est. reading time":"1 minute"},"schema":{"@context":"https:\/\/schema.org","@graph":[{"@type":"WebPage","@id":"https:\/\/www.gazindustrie.fr\/en\/product\/btwin-bth\/","url":"https:\/\/www.gazindustrie.fr\/en\/product\/btwin-bth\/","name":"BTwin BTH - Gaz Industrie","isPartOf":{"@id":"https:\/\/www.gazindustrie.fr\/en\/#website"},"primaryImageOfPage":{"@id":"https:\/\/www.gazindustrie.fr\/en\/product\/btwin-bth\/#primaryimage"},"image":{"@id":"https:\/\/www.gazindustrie.fr\/en\/product\/btwin-bth\/#primaryimage"},"thumbnailUrl":"https:\/\/www.gazindustrie.fr\/wp-content\/uploads\/2024\/07\/photo-BTH-1.jpg","datePublished":"2024-07-29T16:00:58+00:00","dateModified":"2024-10-15T10:15:36+00:00","breadcrumb":{"@id":"https:\/\/www.gazindustrie.fr\/en\/product\/btwin-bth\/#breadcrumb"},"inLanguage":"en-US","potentialAction":[{"@type":"ReadAction","target":["https:\/\/www.gazindustrie.fr\/en\/product\/btwin-bth\/"]}]},{"@type":"ImageObject","inLanguage":"en-US","@id":"https:\/\/www.gazindustrie.fr\/en\/product\/btwin-bth\/#primaryimage","url":"https:\/\/www.gazindustrie.fr\/wp-content\/uploads\/2024\/07\/photo-BTH-1.jpg","contentUrl":"https:\/\/www.gazindustrie.fr\/wp-content\/uploads\/2024\/07\/photo-BTH-1.jpg","width":1000,"height":1000},{"@type":"BreadcrumbList","@id":"https:\/\/www.gazindustrie.fr\/en\/product\/btwin-bth\/#breadcrumb","itemListElement":[{"@type":"ListItem","position":1,"name":"Home","item":"https:\/\/www.gazindustrie.fr\/en\/"},{"@type":"ListItem","position":2,"name":"Shop","item":"https:\/\/www.gazindustrie.fr\/shop\/"},{"@type":"ListItem","position":3,"name":"BTwin BTH"}]},{"@type":"WebSite","@id":"https:\/\/www.gazindustrie.fr\/en\/#website","url":"https:\/\/www.gazindustrie.fr\/en\/","name":"Gaz Industrie","description":"Une exp\u00e9rience sans \u00e9gale","publisher":{"@id":"https:\/\/www.gazindustrie.fr\/en\/#organization"},"potentialAction":[{"@type":"SearchAction","target":{"@type":"EntryPoint","urlTemplate":"https:\/\/www.gazindustrie.fr\/en\/?s={search_term_string}"},"query-input":{"@type":"PropertyValueSpecification","valueRequired":true,"valueName":"search_term_string"}}],"inLanguage":"en-US"},{"@type":"Organization","@id":"https:\/\/www.gazindustrie.fr\/en\/#organization","name":"Empress HVAC","url":"https:\/\/www.gazindustrie.fr\/en\/","logo":{"@type":"ImageObject","inLanguage":"en-US","@id":"https:\/\/www.gazindustrie.fr\/en\/#\/schema\/logo\/image\/","url":"https:\/\/dev.nortekhvac.eu\/wp-content\/uploads\/2019\/12\/empress_logo_email.png","contentUrl":"https:\/\/dev.nortekhvac.eu\/wp-content\/uploads\/2019\/12\/empress_logo_email.png","width":238,"height":109,"caption":"Empress HVAC"},"image":{"@id":"https:\/\/www.gazindustrie.fr\/en\/#\/schema\/logo\/image\/"}}]}},"_links":{"self":[{"href":"https:\/\/www.gazindustrie.fr\/en\/wp-json\/wp\/v2\/product\/49290"}],"collection":[{"href":"https:\/\/www.gazindustrie.fr\/en\/wp-json\/wp\/v2\/product"}],"about":[{"href":"https:\/\/www.gazindustrie.fr\/en\/wp-json\/wp\/v2\/types\/product"}],"wp:featuredmedia":[{"embeddable":true,"href":"https:\/\/www.gazindustrie.fr\/en\/wp-json\/wp\/v2\/media\/49543"}],"wp:attachment":[{"href":"https:\/\/www.gazindustrie.fr\/en\/wp-json\/wp\/v2\/media?parent=49290"}],"wp:term":[{"taxonomy":"product_cat","embeddable":true,"href":"https:\/\/www.gazindustrie.fr\/en\/wp-json\/wp\/v2\/product_cat?post=49290"},{"taxonomy":"product_tag","embeddable":true,"href":"https:\/\/www.gazindustrie.fr\/en\/wp-json\/wp\/v2\/product_tag?post=49290"}],"curies":[{"name":"wp","href":"https:\/\/api.w.org\/{rel}","templated":true}]}}