{"id":49300,"date":"2024-07-29T18:01:01","date_gmt":"2024-07-29T16:01:01","guid":{"rendered":"https:\/\/dev.gazindustrie.fr\/product\/ulsa\/"},"modified":"2024-10-15T12:32:38","modified_gmt":"2024-10-15T10:32:38","slug":"ulsa","status":"publish","type":"product","link":"https:\/\/www.gazindustrie.fr\/en\/product\/ulsa\/","title":{"rendered":"ULSA"},"content":{"rendered":"<p>A\u00e9rotherme \u00e0 gaz \u00e0 condensation ULSA-2, esth\u00e9tique et dot\u00e9 d&#8217;un \u00e9changeur secondaire pour un rendement jusqu&#8217;\u00e0 109 % PCI \u00e0 pleine charge.<\/p>\n<p>Chauffage global de b\u00e2timents industriels, tertiaires ou de loisirs de hauteur faible ou moyenne, pr\u00e9sentant une bonne isolation.<\/p>\n<p>Mod\u00e8les:<br \/>\n\u2022 Puissances de 25 \u00e0 94 kW<br \/>\n\u2022 D\u00e9bit d\u2019air de 2 900 \u00e0 10 500 m\u00b3\/h<br \/>\n\u2022 Technologie \u00e0 double \u00e9changeur, dont 1 d\u00e9di\u00e9 \u00e0 la condensation<br \/>\n\u2022 Br\u00fbleur \u00e0 pr\u00e9 m\u00e9lange \u00e0 r\u00e9gulation modulante<br \/>\n\u2022 Sortie des fum\u00e9es et amen\u00e9e d\u2019air comburant \u00e0 l\u2019arri\u00e8re ou au dessus<br \/>\n\u2022 Syst\u00e8me d&#8217;\u00e9vacuation des fum\u00e9es mural ou toiture (Type B individuelle, Type C ventouse)<br \/>\n\u2022 Mod\u00e8le EC: ventilation \u00e0 d\u00e9bit variable, pour une temp\u00e9rature de soufflage constante et un niveau sonore r\u00e9duit<\/p>\n","protected":false},"excerpt":{"rendered":"<p>A\u00e9rotherme \u00e0 gaz \u00e0 condensation ULSA-2, esth\u00e9tique et dot\u00e9 d&#8217;un \u00e9changeur secondaire pour un rendement jusqu&#8217;\u00e0 109 % PCI \u00e0 pleine charge.<\/p>\n<p>Chauffage global de b\u00e2timents industriels, tertiaires ou de loisirs de hauteur faible ou moyenne, pr\u00e9sentant une bonne isolation.<\/p>\n","protected":false},"featured_media":49592,"template":"","meta":[],"product_cat":[3329,3328,3323],"product_tag":[],"class_list":{"0":"post-49300","1":"product","2":"type-product","3":"status-publish","4":"has-post-thumbnail","6":"product_cat-aerotherme-gaz-modulant-chauffages-a-air-chaud-products","7":"product_cat-chauffages-a-air-chaud-products","8":"product_cat-products","10":"first","11":"instock","12":"taxable","13":"shipping-taxable","14":"product-type-grouped"},"acf":[],"yoast_head":"<!-- This site is optimized with the Yoast SEO plugin v23.5 - https:\/\/yoast.com\/wordpress\/plugins\/seo\/ -->\n<title>ULSA - Gaz Industrie<\/title>\n<meta name=\"robots\" content=\"index, follow, max-snippet:-1, max-image-preview:large, max-video-preview:-1\" \/>\n<link rel=\"canonical\" href=\"https:\/\/www.gazindustrie.fr\/en\/product\/ulsa\/\" \/>\n<meta property=\"og:locale\" content=\"en_US\" \/>\n<meta property=\"og:type\" content=\"article\" \/>\n<meta property=\"og:title\" content=\"ULSA - Gaz Industrie\" \/>\n<meta property=\"og:description\" content=\"A\u00e9rotherme \u00e0 gaz \u00e0 condensation ULSA-2, esth\u00e9tique et dot\u00e9 d&#039;un \u00e9changeur secondaire pour un rendement jusqu&#039;\u00e0 109 % PCI \u00e0 pleine charge.  Chauffage global de b\u00e2timents industriels, tertiaires ou de loisirs de hauteur faible ou moyenne, pr\u00e9sentant une bonne isolation.\" \/>\n<meta property=\"og:url\" content=\"https:\/\/www.gazindustrie.fr\/en\/product\/ulsa\/\" \/>\n<meta property=\"og:site_name\" content=\"Gaz Industrie\" \/>\n<meta property=\"article:modified_time\" content=\"2024-10-15T10:32:38+00:00\" \/>\n<meta property=\"og:image\" content=\"https:\/\/www.gazindustrie.fr\/wp-content\/uploads\/2024\/07\/photo-ULSA-2-1.jpg\" \/>\n\t<meta property=\"og:image:width\" content=\"1000\" \/>\n\t<meta property=\"og:image:height\" content=\"1000\" \/>\n\t<meta property=\"og:image:type\" content=\"image\/jpeg\" \/>\n<meta name=\"twitter:card\" content=\"summary_large_image\" \/>\n<meta name=\"twitter:label1\" content=\"Est. reading time\" \/>\n\t<meta name=\"twitter:data1\" content=\"1 minute\" \/>\n<script type=\"application\/ld+json\" class=\"yoast-schema-graph\">{\"@context\":\"https:\/\/schema.org\",\"@graph\":[{\"@type\":\"WebPage\",\"@id\":\"https:\/\/www.gazindustrie.fr\/en\/product\/ulsa\/\",\"url\":\"https:\/\/www.gazindustrie.fr\/en\/product\/ulsa\/\",\"name\":\"ULSA - Gaz Industrie\",\"isPartOf\":{\"@id\":\"https:\/\/www.gazindustrie.fr\/en\/#website\"},\"primaryImageOfPage\":{\"@id\":\"https:\/\/www.gazindustrie.fr\/en\/product\/ulsa\/#primaryimage\"},\"image\":{\"@id\":\"https:\/\/www.gazindustrie.fr\/en\/product\/ulsa\/#primaryimage\"},\"thumbnailUrl\":\"https:\/\/www.gazindustrie.fr\/wp-content\/uploads\/2024\/07\/photo-ULSA-2-1.jpg\",\"datePublished\":\"2024-07-29T16:01:01+00:00\",\"dateModified\":\"2024-10-15T10:32:38+00:00\",\"breadcrumb\":{\"@id\":\"https:\/\/www.gazindustrie.fr\/en\/product\/ulsa\/#breadcrumb\"},\"inLanguage\":\"en-US\",\"potentialAction\":[{\"@type\":\"ReadAction\",\"target\":[\"https:\/\/www.gazindustrie.fr\/en\/product\/ulsa\/\"]}]},{\"@type\":\"ImageObject\",\"inLanguage\":\"en-US\",\"@id\":\"https:\/\/www.gazindustrie.fr\/en\/product\/ulsa\/#primaryimage\",\"url\":\"https:\/\/www.gazindustrie.fr\/wp-content\/uploads\/2024\/07\/photo-ULSA-2-1.jpg\",\"contentUrl\":\"https:\/\/www.gazindustrie.fr\/wp-content\/uploads\/2024\/07\/photo-ULSA-2-1.jpg\",\"width\":1000,\"height\":1000},{\"@type\":\"BreadcrumbList\",\"@id\":\"https:\/\/www.gazindustrie.fr\/en\/product\/ulsa\/#breadcrumb\",\"itemListElement\":[{\"@type\":\"ListItem\",\"position\":1,\"name\":\"Home\",\"item\":\"https:\/\/www.gazindustrie.fr\/en\/\"},{\"@type\":\"ListItem\",\"position\":2,\"name\":\"Shop\",\"item\":\"https:\/\/www.gazindustrie.fr\/shop\/\"},{\"@type\":\"ListItem\",\"position\":3,\"name\":\"ULSA\"}]},{\"@type\":\"WebSite\",\"@id\":\"https:\/\/www.gazindustrie.fr\/en\/#website\",\"url\":\"https:\/\/www.gazindustrie.fr\/en\/\",\"name\":\"Gaz Industrie\",\"description\":\"Une exp\u00e9rience sans \u00e9gale\",\"publisher\":{\"@id\":\"https:\/\/www.gazindustrie.fr\/en\/#organization\"},\"potentialAction\":[{\"@type\":\"SearchAction\",\"target\":{\"@type\":\"EntryPoint\",\"urlTemplate\":\"https:\/\/www.gazindustrie.fr\/en\/?s={search_term_string}\"},\"query-input\":{\"@type\":\"PropertyValueSpecification\",\"valueRequired\":true,\"valueName\":\"search_term_string\"}}],\"inLanguage\":\"en-US\"},{\"@type\":\"Organization\",\"@id\":\"https:\/\/www.gazindustrie.fr\/en\/#organization\",\"name\":\"Empress HVAC\",\"url\":\"https:\/\/www.gazindustrie.fr\/en\/\",\"logo\":{\"@type\":\"ImageObject\",\"inLanguage\":\"en-US\",\"@id\":\"https:\/\/www.gazindustrie.fr\/en\/#\/schema\/logo\/image\/\",\"url\":\"https:\/\/dev.nortekhvac.eu\/wp-content\/uploads\/2019\/12\/empress_logo_email.png\",\"contentUrl\":\"https:\/\/dev.nortekhvac.eu\/wp-content\/uploads\/2019\/12\/empress_logo_email.png\",\"width\":238,\"height\":109,\"caption\":\"Empress HVAC\"},\"image\":{\"@id\":\"https:\/\/www.gazindustrie.fr\/en\/#\/schema\/logo\/image\/\"}}]}<\/script>\n<!-- \/ Yoast SEO plugin. -->","yoast_head_json":{"title":"ULSA - Gaz Industrie","robots":{"index":"index","follow":"follow","max-snippet":"max-snippet:-1","max-image-preview":"max-image-preview:large","max-video-preview":"max-video-preview:-1"},"canonical":"https:\/\/www.gazindustrie.fr\/en\/product\/ulsa\/","og_locale":"en_US","og_type":"article","og_title":"ULSA - Gaz Industrie","og_description":"A\u00e9rotherme \u00e0 gaz \u00e0 condensation ULSA-2, esth\u00e9tique et dot\u00e9 d'un \u00e9changeur secondaire pour un rendement jusqu'\u00e0 109 % PCI \u00e0 pleine charge.  Chauffage global de b\u00e2timents industriels, tertiaires ou de loisirs de hauteur faible ou moyenne, pr\u00e9sentant une bonne isolation.","og_url":"https:\/\/www.gazindustrie.fr\/en\/product\/ulsa\/","og_site_name":"Gaz Industrie","article_modified_time":"2024-10-15T10:32:38+00:00","og_image":[{"width":1000,"height":1000,"url":"https:\/\/www.gazindustrie.fr\/wp-content\/uploads\/2024\/07\/photo-ULSA-2-1.jpg","type":"image\/jpeg"}],"twitter_card":"summary_large_image","twitter_misc":{"Est. reading time":"1 minute"},"schema":{"@context":"https:\/\/schema.org","@graph":[{"@type":"WebPage","@id":"https:\/\/www.gazindustrie.fr\/en\/product\/ulsa\/","url":"https:\/\/www.gazindustrie.fr\/en\/product\/ulsa\/","name":"ULSA - Gaz Industrie","isPartOf":{"@id":"https:\/\/www.gazindustrie.fr\/en\/#website"},"primaryImageOfPage":{"@id":"https:\/\/www.gazindustrie.fr\/en\/product\/ulsa\/#primaryimage"},"image":{"@id":"https:\/\/www.gazindustrie.fr\/en\/product\/ulsa\/#primaryimage"},"thumbnailUrl":"https:\/\/www.gazindustrie.fr\/wp-content\/uploads\/2024\/07\/photo-ULSA-2-1.jpg","datePublished":"2024-07-29T16:01:01+00:00","dateModified":"2024-10-15T10:32:38+00:00","breadcrumb":{"@id":"https:\/\/www.gazindustrie.fr\/en\/product\/ulsa\/#breadcrumb"},"inLanguage":"en-US","potentialAction":[{"@type":"ReadAction","target":["https:\/\/www.gazindustrie.fr\/en\/product\/ulsa\/"]}]},{"@type":"ImageObject","inLanguage":"en-US","@id":"https:\/\/www.gazindustrie.fr\/en\/product\/ulsa\/#primaryimage","url":"https:\/\/www.gazindustrie.fr\/wp-content\/uploads\/2024\/07\/photo-ULSA-2-1.jpg","contentUrl":"https:\/\/www.gazindustrie.fr\/wp-content\/uploads\/2024\/07\/photo-ULSA-2-1.jpg","width":1000,"height":1000},{"@type":"BreadcrumbList","@id":"https:\/\/www.gazindustrie.fr\/en\/product\/ulsa\/#breadcrumb","itemListElement":[{"@type":"ListItem","position":1,"name":"Home","item":"https:\/\/www.gazindustrie.fr\/en\/"},{"@type":"ListItem","position":2,"name":"Shop","item":"https:\/\/www.gazindustrie.fr\/shop\/"},{"@type":"ListItem","position":3,"name":"ULSA"}]},{"@type":"WebSite","@id":"https:\/\/www.gazindustrie.fr\/en\/#website","url":"https:\/\/www.gazindustrie.fr\/en\/","name":"Gaz Industrie","description":"Une exp\u00e9rience sans \u00e9gale","publisher":{"@id":"https:\/\/www.gazindustrie.fr\/en\/#organization"},"potentialAction":[{"@type":"SearchAction","target":{"@type":"EntryPoint","urlTemplate":"https:\/\/www.gazindustrie.fr\/en\/?s={search_term_string}"},"query-input":{"@type":"PropertyValueSpecification","valueRequired":true,"valueName":"search_term_string"}}],"inLanguage":"en-US"},{"@type":"Organization","@id":"https:\/\/www.gazindustrie.fr\/en\/#organization","name":"Empress HVAC","url":"https:\/\/www.gazindustrie.fr\/en\/","logo":{"@type":"ImageObject","inLanguage":"en-US","@id":"https:\/\/www.gazindustrie.fr\/en\/#\/schema\/logo\/image\/","url":"https:\/\/dev.nortekhvac.eu\/wp-content\/uploads\/2019\/12\/empress_logo_email.png","contentUrl":"https:\/\/dev.nortekhvac.eu\/wp-content\/uploads\/2019\/12\/empress_logo_email.png","width":238,"height":109,"caption":"Empress HVAC"},"image":{"@id":"https:\/\/www.gazindustrie.fr\/en\/#\/schema\/logo\/image\/"}}]}},"_links":{"self":[{"href":"https:\/\/www.gazindustrie.fr\/en\/wp-json\/wp\/v2\/product\/49300"}],"collection":[{"href":"https:\/\/www.gazindustrie.fr\/en\/wp-json\/wp\/v2\/product"}],"about":[{"href":"https:\/\/www.gazindustrie.fr\/en\/wp-json\/wp\/v2\/types\/product"}],"wp:featuredmedia":[{"embeddable":true,"href":"https:\/\/www.gazindustrie.fr\/en\/wp-json\/wp\/v2\/media\/49592"}],"wp:attachment":[{"href":"https:\/\/www.gazindustrie.fr\/en\/wp-json\/wp\/v2\/media?parent=49300"}],"wp:term":[{"taxonomy":"product_cat","embeddable":true,"href":"https:\/\/www.gazindustrie.fr\/en\/wp-json\/wp\/v2\/product_cat?post=49300"},{"taxonomy":"product_tag","embeddable":true,"href":"https:\/\/www.gazindustrie.fr\/en\/wp-json\/wp\/v2\/product_tag?post=49300"}],"curies":[{"name":"wp","href":"https:\/\/api.w.org\/{rel}","templated":true}]}}